{"id":10,"date":"2023-11-06T13:15:05","date_gmt":"2023-11-06T13:15:05","guid":{"rendered":"https:\/\/agenda2030.uem.mz\/?page_id=10"},"modified":"2023-11-07T09:58:18","modified_gmt":"2023-11-07T09:58:18","slug":"10-2","status":"publish","type":"page","link":"https:\/\/agenda2030.uem.mz\/","title":{"rendered":"Home"},"content":{"rendered":"<p>[et_pb_section fb_built=&#8221;1&#8243; custom_padding_last_edited=&#8221;on|desktop&#8221; admin_label=&#8221;Header&#8221; _builder_version=&#8221;4.21.0&#8243; background_image=&#8221;https:\/\/agenda2030.uem.mz\/wp-content\/uploads\/2023\/11\/banner2.png&#8221; background_size=&#8221;contain&#8221; background_position=&#8221;top_right&#8221; custom_padding=&#8221;110px||||false|false&#8221; custom_padding_tablet=&#8221;140px|0px|50px|0px|false|false&#8221; custom_padding_phone=&#8221;120px|||&#8221; global_colors_info=&#8221;{}&#8221;][et_pb_row column_structure=&#8221;1_2,1_2&#8243; _builder_version=&#8221;4.16&#8243; max_width=&#8221;1280px&#8221; use_custom_width=&#8221;on&#8221; custom_width_px=&#8221;1280px&#8221; global_colors_info=&#8221;{}&#8221;][et_pb_column type=&#8221;1_2&#8243; _builder_version=&#8221;4.16&#8243; custom_padding=&#8221;|||&#8221; global_colors_info=&#8221;{}&#8221; custom_padding__hover=&#8221;|||&#8221;][et_pb_text _builder_version=&#8221;4.21.0&#8243; text_font=&#8221;||||||||&#8221; text_font_size=&#8221;18px&#8221; text_line_height=&#8221;2em&#8221; header_font=&#8221;EB Garamond||||||||&#8221; header_font_size=&#8221;60px&#8221; header_line_height=&#8221;1.3em&#8221; max_width=&#8221;600px&#8221; text_font_size_tablet=&#8221;&#8221; text_font_size_phone=&#8221;15px&#8221; text_font_size_last_edited=&#8221;on|phone&#8221; text_line_height_tablet=&#8221;&#8221; text_line_height_phone=&#8221;1.6em&#8221; text_line_height_last_edited=&#8221;on|phone&#8221; header_font_size_tablet=&#8221;50px&#8221; header_font_size_phone=&#8221;32px&#8221; header_font_size_last_edited=&#8221;on|phone&#8221; global_colors_info=&#8221;{}&#8221;]<\/p>\n<h1><strong><span style=\"color: #008000;\">CONFER\u00caNCIA INTERNACIONAL<\/span><\/strong><\/h1>\n<p>TROCA DE EXPERI\u00caNCIAS SOBRE A TRANSVERSALIZA\u00c7\u00c3O DA AGENDA 2030 E LOCALIZA\u00c7\u00c3O DOS ODS COM UNIVERSIDADES DE MO\u00c7AMBIQUE E DA ANDALUZIA E INTERVENIENTES RELEVANTES NA IMPLEMENTA\u00c7\u00c3O DA AGENDA 2030 EM MO\u00c7AMBIQUE.<\/p>\n<p><strong>Data do Evento: 11 de Dezembro de 2023<\/strong><\/p>\n<p><span style=\"color: #ff0000;\">Prazo de inscri\u00e7\u00e3o: 15 Novembro de 2023<\/span><\/p>\n<p>[\/et_pb_text][et_pb_button button_url=&#8221;https:\/\/redcap.uem.mz\/surveys\/?s=NET8DA9TRL&#8221; button_text=&#8221;Registe-se para participar&#8221; _builder_version=&#8221;4.21.0&#8243; custom_button=&#8221;on&#8221; button_text_size=&#8221;16px&#8221; button_text_color=&#8221;#ffffff&#8221; button_bg_color=&#8221;#ff4d54&#8243; button_border_width=&#8221;0px&#8221; button_border_radius=&#8221;100px&#8221; button_letter_spacing=&#8221;1px&#8221; button_font=&#8221;|700||on|||||&#8221; custom_padding=&#8221;14px|34px|14px|34px|true|true&#8221; animation_style=&#8221;zoom&#8221; box_shadow_style=&#8221;preset1&#8243; box_shadow_vertical=&#8221;10px&#8221; box_shadow_blur=&#8221;30px&#8221; box_shadow_color=&#8221;rgba(255,77,84,0.24)&#8221; button_letter_spacing_hover=&#8221;1px&#8221; global_colors_info=&#8221;{}&#8221; button_text_size__hover_enabled=&#8221;off&#8221; button_one_text_size__hover_enabled=&#8221;off&#8221; button_two_text_size__hover_enabled=&#8221;off&#8221; button_text_color__hover_enabled=&#8221;off&#8221; button_one_text_color__hover_enabled=&#8221;off&#8221; button_two_text_color__hover_enabled=&#8221;off&#8221; button_border_width__hover_enabled=&#8221;off&#8221; button_one_border_width__hover_enabled=&#8221;off&#8221; button_two_border_width__hover_enabled=&#8221;off&#8221; button_border_color__hover_enabled=&#8221;off&#8221; button_one_border_color__hover_enabled=&#8221;off&#8221; button_two_border_color__hover_enabled=&#8221;off&#8221; button_border_radius__hover_enabled=&#8221;off&#8221; button_one_border_radius__hover_enabled=&#8221;off&#8221; button_two_border_radius__hover_enabled=&#8221;off&#8221; button_letter_spacing__hover_enabled=&#8221;on&#8221; button_letter_spacing__hover=&#8221;1px&#8221; button_one_letter_spacing__hover_enabled=&#8221;off&#8221; button_two_letter_spacing__hover_enabled=&#8221;off&#8221; button_bg_color__hover_enabled=&#8221;off&#8221; button_one_bg_color__hover_enabled=&#8221;off&#8221; button_two_bg_color__hover_enabled=&#8221;off&#8221;][\/et_pb_button][\/et_pb_column][et_pb_column type=&#8221;1_2&#8243; _builder_version=&#8221;4.16&#8243; custom_padding=&#8221;|||&#8221; global_colors_info=&#8221;{}&#8221; custom_padding__hover=&#8221;|||&#8221;][\/et_pb_column][\/et_pb_row][\/et_pb_section][et_pb_section fb_built=&#8221;1&#8243; _builder_version=&#8221;4.21.0&#8243; _module_preset=&#8221;default&#8221; min_height=&#8221;100px&#8221; height=&#8221;100px&#8221; custom_margin=&#8221;-50px||||false|false&#8221; global_colors_info=&#8221;{}&#8221;][et_pb_row _builder_version=&#8221;4.21.0&#8243; _module_preset=&#8221;default&#8221; global_colors_info=&#8221;{}&#8221;][et_pb_column type=&#8221;4_4&#8243; _builder_version=&#8221;4.21.0&#8243; _module_preset=&#8221;default&#8221; global_colors_info=&#8221;{}&#8221;][et_pb_text _builder_version=&#8221;4.21.0&#8243; _module_preset=&#8221;default&#8221; text_font_size=&#8221;23px&#8221; text_line_height=&#8221;1em&#8221; text_orientation=&#8221;center&#8221; custom_margin=&#8221;-15px||-100px||false|false&#8221; custom_padding=&#8221;0px||||false|false&#8221; global_colors_info=&#8221;{}&#8221;]<\/p>\n<p>Descarregue o Programa:<\/p>\n<p>[\/et_pb_text][\/et_pb_column][\/et_pb_row][\/et_pb_section][et_pb_section fb_built=&#8221;1&#8243; admin_label=&#8221;Features&#8221; _builder_version=&#8221;4.21.0&#8243; min_height=&#8221;173px&#8221; height=&#8221;100px&#8221; custom_margin=&#8221;-56px||-4px||false|false&#8221; global_colors_info=&#8221;{}&#8221;][et_pb_row column_structure=&#8221;1_4,1_4,1_4,1_4&#8243; use_custom_gutter=&#8221;on&#8221; gutter_width=&#8221;2&#8243; _builder_version=&#8221;4.16&#8243; max_width=&#8221;1280px&#8221; use_custom_width=&#8221;on&#8221; custom_width_px=&#8221;1280px&#8221; global_colors_info=&#8221;{}&#8221;][et_pb_column type=&#8221;1_4&#8243; _builder_version=&#8221;4.16&#8243; custom_padding=&#8221;|||&#8221; global_colors_info=&#8221;{}&#8221; custom_padding__hover=&#8221;|||&#8221;][\/et_pb_column][et_pb_column type=&#8221;1_4&#8243; _builder_version=&#8221;4.16&#8243; custom_padding=&#8221;|||&#8221; global_colors_info=&#8221;{}&#8221; custom_padding__hover=&#8221;|||&#8221;][et_pb_blurb title=&#8221;Portugu\u00eas&#8221; url=&#8221;https:\/\/agenda2030.uem.mz\/wp-content\/uploads\/2023\/11\/Nota_informativa_Conferencia_ODS_Maputo-pt.pdf&#8221; use_icon=&#8221;on&#8221; font_icon=&#8221;&#xf1c1;||fa||900&#8243; icon_color=&#8221;#000000&#8243; icon_placement=&#8221;left&#8221; image_icon_width=&#8221;34px&#8221; content_max_width=&#8221;1100px&#8221; image_icon_width_tablet=&#8221;100px&#8221; image_icon_width_phone=&#8221;50px&#8221; image_icon_width_last_edited=&#8221;on|phone&#8221; _builder_version=&#8221;4.21.0&#8243; header_font=&#8221;|600|||||||&#8221; header_font_size=&#8221;18px&#8221; header_line_height=&#8221;1.6em&#8221; body_font=&#8221;||||||||&#8221; body_font_size=&#8221;15px&#8221; body_line_height=&#8221;2em&#8221; custom_padding=&#8221;|||24px&#8221; custom_padding_tablet=&#8221;&#8221; custom_padding_phone=&#8221;|||4px&#8221; custom_padding_last_edited=&#8221;on|phone&#8221; animation_style=&#8221;fold&#8221; animation_direction=&#8221;left&#8221; animation_intensity_fold=&#8221;10%&#8221; animation=&#8221;off&#8221; hover_enabled=&#8221;0&#8243; header_font_size_tablet=&#8221;&#8221; header_font_size_phone=&#8221;15px&#8221; header_font_size_last_edited=&#8221;on|phone&#8221; body_line_height_tablet=&#8221;&#8221; body_line_height_phone=&#8221;1.6em&#8221; body_line_height_last_edited=&#8221;on|phone&#8221; border_color_all=&#8221;rgba(0,0,0,0.18)&#8221; border_style_all=&#8221;dotted&#8221; border_width_left=&#8221;2px&#8221; image_max_width=&#8221;100px&#8221; image_max_width_tablet=&#8221;&#8221; image_max_width_phone=&#8221;50px&#8221; image_max_width_last_edited=&#8221;on|phone&#8221; global_colors_info=&#8221;{}&#8221; sticky_enabled=&#8221;0&#8243;][\/et_pb_blurb][\/et_pb_column][et_pb_column type=&#8221;1_4&#8243; _builder_version=&#8221;4.16&#8243; custom_padding=&#8221;|||&#8221; global_colors_info=&#8221;{}&#8221; custom_padding__hover=&#8221;|||&#8221;][et_pb_blurb title=&#8221;Espanhol&#8221; url=&#8221;https:\/\/agenda2030.uem.mz\/wp-content\/uploads\/2023\/11\/Nota_informativa_Conferencia_ODS_Maputo-es.pdf&#8221; use_icon=&#8221;on&#8221; font_icon=&#8221;&#xf1c1;||fa||900&#8243; icon_color=&#8221;#000000&#8243; icon_placement=&#8221;left&#8221; image_icon_width=&#8221;34px&#8221; content_max_width=&#8221;1100px&#8221; image_icon_width_tablet=&#8221;100px&#8221; image_icon_width_phone=&#8221;50px&#8221; image_icon_width_last_edited=&#8221;on|phone&#8221; _builder_version=&#8221;4.21.0&#8243; header_font=&#8221;|600|||||||&#8221; header_font_size=&#8221;18px&#8221; header_line_height=&#8221;1.6em&#8221; body_font=&#8221;||||||||&#8221; body_font_size=&#8221;15px&#8221; body_line_height=&#8221;2em&#8221; custom_padding=&#8221;|||24px&#8221; custom_padding_tablet=&#8221;&#8221; custom_padding_phone=&#8221;|||4px&#8221; custom_padding_last_edited=&#8221;on|phone&#8221; animation_style=&#8221;fold&#8221; animation_direction=&#8221;left&#8221; animation_intensity_fold=&#8221;10%&#8221; animation=&#8221;off&#8221; hover_enabled=&#8221;0&#8243; header_font_size_tablet=&#8221;&#8221; header_font_size_phone=&#8221;15px&#8221; header_font_size_last_edited=&#8221;on|phone&#8221; body_line_height_tablet=&#8221;&#8221; body_line_height_phone=&#8221;1.6em&#8221; body_line_height_last_edited=&#8221;on|phone&#8221; border_color_all=&#8221;rgba(0,0,0,0.18)&#8221; border_style_all=&#8221;dotted&#8221; border_width_left=&#8221;2px&#8221; image_max_width=&#8221;100px&#8221; image_max_width_tablet=&#8221;&#8221; image_max_width_phone=&#8221;50px&#8221; image_max_width_last_edited=&#8221;on|phone&#8221; global_colors_info=&#8221;{}&#8221; sticky_enabled=&#8221;0&#8243;][\/et_pb_blurb][\/et_pb_column][et_pb_column type=&#8221;1_4&#8243; _builder_version=&#8221;4.16&#8243; custom_padding=&#8221;|||&#8221; global_colors_info=&#8221;{}&#8221; custom_padding__hover=&#8221;|||&#8221;][\/et_pb_column][\/et_pb_row][\/et_pb_section]<\/p>\n","protected":false},"excerpt":{"rendered":"<p>CONFER\u00caNCIA INTERNACIONAL TROCA DE EXPERI\u00caNCIAS SOBRE A TRANSVERSALIZA\u00c7\u00c3O DA AGENDA 2030 E LOCALIZA\u00c7\u00c3O DOS ODS COM UNIVERSIDADES DE MO\u00c7AMBIQUE E DA ANDALUZIA E INTERVENIENTES RELEVANTES NA IMPLEMENTA\u00c7\u00c3O DA AGENDA 2030 EM MO\u00c7AMBIQUE. Data do Evento: 11 de Dezembro de 2023 Prazo de inscri\u00e7\u00e3o: 15 Novembro de 2023Descarregue o Programa:<\/p>\n","protected":false},"author":1,"featured_media":0,"parent":0,"menu_order":0,"comment_status":"closed","ping_status":"closed","template":"","meta":{"_et_pb_use_builder":"on","_et_pb_old_content":"","_et_gb_content_width":"","footnotes":""},"class_list":["post-10","page","type-page","status-publish","hentry"],"_links":{"self":[{"href":"https:\/\/agenda2030.uem.mz\/index.php\/wp-json\/wp\/v2\/pages\/10","targetHints":{"allow":["GET"]}}],"collection":[{"href":"https:\/\/agenda2030.uem.mz\/index.php\/wp-json\/wp\/v2\/pages"}],"about":[{"href":"https:\/\/agenda2030.uem.mz\/index.php\/wp-json\/wp\/v2\/types\/page"}],"author":[{"embeddable":true,"href":"https:\/\/agenda2030.uem.mz\/index.php\/wp-json\/wp\/v2\/users\/1"}],"replies":[{"embeddable":true,"href":"https:\/\/agenda2030.uem.mz\/index.php\/wp-json\/wp\/v2\/comments?post=10"}],"version-history":[{"count":18,"href":"https:\/\/agenda2030.uem.mz\/index.php\/wp-json\/wp\/v2\/pages\/10\/revisions"}],"predecessor-version":[{"id":102,"href":"https:\/\/agenda2030.uem.mz\/index.php\/wp-json\/wp\/v2\/pages\/10\/revisions\/102"}],"wp:attachment":[{"href":"https:\/\/agenda2030.uem.mz\/index.php\/wp-json\/wp\/v2\/media?parent=10"}],"curies":[{"name":"wp","href":"https:\/\/api.w.org\/{rel}","templated":true}]}}